{"id":19,"date":"2017-06-10T08:34:22","date_gmt":"2017-06-10T08:34:22","guid":{"rendered":"http:\/\/xtratheme.combusiness-2\/?page_id=13"},"modified":"2023-11-01T17:17:18","modified_gmt":"2023-11-01T17:17:18","slug":"faq","status":"publish","type":"page","link":"https:\/\/shop-dev.cosmea-pflege.de\/?page_id=19","title":{"rendered":"FAQ"},"content":{"rendered":"\t\t<div data-elementor-type=\"wp-page\" data-elementor-id=\"19\" class=\"elementor elementor-19\">\n\t\t\t\t\t\t<section class=\"elementor-section elementor-top-section elementor-element elementor-element-e3a83c8 elementor-section-boxed elementor-section-height-default elementor-section-height-default\" data-id=\"e3a83c8\" data-element_type=\"section\">\n\t\t\t\t\t\t<div class=\"elementor-container elementor-column-gap-default\">\n\t\t\t\t\t<div class=\"elementor-column elementor-col-66 elementor-top-column elementor-element elementor-element-27b95d5\" data-id=\"27b95d5\" data-element_type=\"column\">\n\t\t\t<div class=\"elementor-widget-wrap elementor-element-populated\">\n\t\t\t\t\t\t<section class=\"elementor-section elementor-inner-section elementor-element elementor-element-8a8e33a elementor-section-boxed elementor-section-height-default elementor-section-height-default\" data-id=\"8a8e33a\" data-element_type=\"section\">\n\t\t\t\t\t\t<div class=\"elementor-container elementor-column-gap-default\">\n\t\t\t\t\t<div class=\"elementor-column elementor-col-100 elementor-inner-column elementor-element elementor-element-9a9587d\" data-id=\"9a9587d\" data-element_type=\"column\">\n\t\t\t<div class=\"elementor-widget-wrap elementor-element-populated\">\n\t\t\t\t\t\t<div class=\"elementor-element elementor-element-08b8ca9 elementor-widget elementor-widget-cz_title\" data-id=\"08b8ca9\" data-element_type=\"widget\" data-widget_type=\"cz_title.default\">\n\t\t\t\t<div class=\"elementor-widget-container\">\n\t\t\t\t\t\t\r\n\t\t<div>\r\n\t\t\t<div class=\"cz_title clr cz_mobile_text_center cz_title_pos_inline\"><div class=\"cz_title_content\"><div class=\"cz_wpe_content\"><\/div><\/div><\/div>\r\n\t\t<\/div>\r\n\t\t\r\n\t\t\t\t\t\t<\/div>\n\t\t\t\t<\/div>\n\t\t\t\t<div class=\"elementor-element elementor-element-bca5004 elementor-widget elementor-widget-cz_title\" data-id=\"bca5004\" data-element_type=\"widget\" data-widget_type=\"cz_title.default\">\n\t\t\t\t<div class=\"elementor-widget-container\">\n\t\t\t\t\t\t\r\n\t\t<div>\r\n\t\t\t<div class=\"cz_title clr cz_mobile_text_center cz_title_pos_block\"><div class=\"cz_title_content\"><div class=\"cz_wpe_content\"><h3 style=\"text-align: left;\"><span style=\"color: #333333;\"><span style=\"color: #ffffff;\">Fragen und Antworten<\/span><\/span><\/h3><\/div><\/div><\/div>\r\n\t\t<\/div>\r\n\t\t\r\n\t\t\t\t\t\t<\/div>\n\t\t\t\t<\/div>\n\t\t\t\t\t<\/div>\n\t\t<\/div>\n\t\t\t\t\t<\/div>\n\t\t<\/section>\n\t\t\t\t<div class=\"elementor-element elementor-element-20d027d elementor-widget elementor-widget-cz_gap\" data-id=\"20d027d\" data-element_type=\"widget\" data-widget_type=\"cz_gap.default\">\n\t\t\t\t<div class=\"elementor-widget-container\">\n\t\t\t\t\t<div class=\"cz_gap clr\"><\/div>\t\t\t\t<\/div>\n\t\t\t\t<\/div>\n\t\t\t\t<div class=\"elementor-element elementor-element-f8ea624 elementor-widget elementor-widget-cz_accordion\" data-id=\"f8ea624\" data-element_type=\"widget\" data-widget_type=\"cz_accordion.default\">\n\t\t\t\t<div class=\"elementor-widget-container\">\n\t\t\t\t\t<div data-arrows='{\"open\":\"fa fa-angle-down\",\"close\":\"fa fa-angle-up\"}' class=\"cz_acc clr cz_acc_toggle cz_acc_first_open\"><div><div class=\"elementor-repeater-item-38f161a\"><span class=\"cz_acc_child\"><div>Wie beantrage ich die Pflegehilfsmittel<\/div><\/span><div class=\"cz_acc_child_content clr\"><p>Es ist nicht erforderlich, einen Antrag selbstst\u00e4ndig auszuf\u00fcllen und auszudrucken. Stattdessen k\u00f6nnen Sie alle erforderlichen Informationen bequem, z\u00fcgig und sicher w\u00e4hrend des Bestellvorgangs hinterlegen. Die Abwicklung des Antrags und aller damit verbundenen Formalit\u00e4ten mit der Pflegekasse liegt in unserer Verantwortung.<\/p><\/div><\/div><div class=\"elementor-repeater-item-e2cd101\"><span class=\"cz_acc_child\"><div>Wer bekommt kostenlose Pflegehilfsmittel<\/div><\/span><div class=\"cz_acc_child_content clr\"><p>Die kostenfreie Pflegehilfsmittel (bis 40\u20ac) steht allen Personen zu, ganz gleich, ob sie gesetzlich oder privat versichert sind, solange sie \u00fcber einen Pflegegrad verf\u00fcgen. Dieser Anspruch beginnt bereits ab Pflegegrad 1 und ist im Sozialgesetzbuch verankert (\u00a778 Absatz 1 in Verbindung mit \u00a7 40 Absatz 2 SGB XI).<\/p><p>Sobald Sie diese Kriterien erf\u00fcllen, stehen Ihnen die Pflegehilfsmittel ohne jegliche Kosten zur Verf\u00fcgung.<\/p><\/div><\/div><div class=\"elementor-repeater-item-55a1071\"><span class=\"cz_acc_child\"><div>Kann mir jemand beim ausf\u00fcllen des Antrags unterst\u00fctzen<\/div><\/span><div class=\"cz_acc_child_content clr\"><p>Ja, Sie k\u00f6nnen Unterst\u00fctzung beim Ausf\u00fcllen des Antrags f\u00fcr die kostenfreien Pflegehilfsmittel erhalten. Diese Hilfe kann von Angeh\u00f6rigen oder sogar von Ihrem Pflegedienst in Anspruch genommen werden. Wenn n\u00f6tig, kann auch eine bevollm\u00e4chtigte Person den Antrag f\u00fcr Sie unterzeichnen.<\/p><p>Unser Kundenservice steht Ihnen ebenfalls zur Verf\u00fcgung. Sie k\u00f6nnen uns\u00a0 unter der Nummer 0621-489 280 anrufen, und wir helfen Ihnen gerne weiter.<\/p><\/div><\/div><div class=\"elementor-repeater-item-e6fbbf8\"><span class=\"cz_acc_child\"><div>Der Antrag wurde eingereicht, wie geht es weiter?<\/div><\/span><div class=\"cz_acc_child_content clr\"><p>Unser Team \u00fcbernimmt die Antragstellung f\u00fcr die Pflegehilfsmittel in Ihrem Namen bei Ihrer gesetzlichen Pflegekasse. Sobald die Pflegekasse den Antrag genehmigt, versenden wir umgehend die erste Pflegebox, die Sie ausgew\u00e4hlt haben. Bitte ber\u00fccksichtigen Sie, dass die Genehmigung durch die Pflegekasse in der Regel 7-14 Werktagen in Anspruch nehmen kann.<\/p><p>Anschlie\u00dfend erhalten Sie automatisch monatlichen Wechsel Ihre Pflegehilfsmittel per\u00a0 Paketversand.<\/p><\/div><\/div><div class=\"elementor-repeater-item-1408a41\"><span class=\"cz_acc_child\"><div>Kann ich zu zuhause Pflegen wechseln, um meine Pflegehilfsmittel zu beziehen, obwohl ich bereits von einem anderen Anbieter versorgt werde?<\/div><\/span><div class=\"cz_acc_child_content clr\"><p>Ja, der Wechsel zu zuhause Pflegen ist unkompliziert. In der Regel gen\u00fcgt eine kurze telefonische K\u00fcndigung bei Ihrem aktuellen Anbieter. Es ist au\u00dferdem ratsam, eine schriftliche K\u00fcndigungsbest\u00e4tigung anzufordern. Diese sollten Sie sowohl uns als auch Ihrer Krankenkasse zukommen lassen. Dies gew\u00e4hrleistet, dass unser Antrag auf Kosten\u00fcbernahme nicht abgelehnt wird, da Ihre Pflegekasse informiert ist, dass Sie den bisherigen Leistungserbringer gewechselt haben.<\/p><\/div><\/div><div class=\"elementor-repeater-item-c4cda53\"><span class=\"cz_acc_child\"><div>Welche Produkte gelten als Pflegehilfsmittel?<\/div><\/span><div class=\"cz_acc_child_content clr\"><p>Folgende Produkte, k\u00f6nnen\u00a0 auf Antrag zur Verf\u00fcgung stehen. Hierzu geh\u00f6ren Masken, Fl\u00e4chendesinfektionsmittel, H\u00e4ndedesinfektionsmittel, Einmalhandschuhe, Schutzsch\u00fcrzen, Fingerlinge und Bettschutzeinlagen. Die Kosten f\u00fcr diese Artikel werden von Ihrer Pflegekasse \u00fcbernommen.\u00a0<\/p><\/div><\/div><div class=\"elementor-repeater-item-0c83397\"><span class=\"cz_acc_child\"><div>Wie lange kann ich kostenfrei Pflegehilfsmittel erhalten?<\/div><\/span><div class=\"cz_acc_child_content clr\"><div class=\"flex-1 overflow-hidden\"><div class=\"react-scroll-to-bottom--css-tqggn-79elbk h-full\"><div class=\"react-scroll-to-bottom--css-tqggn-1n7m0yu\"><div class=\"flex flex-col text-sm gizmo:pb-9 dark:bg-gray-800 gizmo:dark:bg-transparent\"><div class=\"group w-full text-token-text-primary border-b border-black\/10 gizmo:border-0 dark:border-gray-900\/50 gizmo:dark:border-0 bg-gray-50 gizmo:bg-transparent dark:bg-[#444654] gizmo:dark:bg-transparent\" data-testid=\"conversation-turn-27\"><div class=\"p-4 gizmo:py-2 justify-center text-base md:gap-6 md:py-6 m-auto\"><div class=\"flex flex-1 gap-4 text-base mx-auto md:gap-6 gizmo:gap-3 gizmo:md:px-5 gizmo:lg:px-1 gizmo:xl:px-5 md:max-w-2xl lg:max-w-[38rem] gizmo:md:max-w-3xl gizmo:lg:max-w-[40rem] gizmo:xl:max-w-[48rem] xl:max-w-3xl }\"><div class=\"relative flex w-[calc(100%-50px)] flex-col gizmo:w-full lg:w-[calc(100%-115px)] agent-turn\"><div class=\"flex-col gap-1 md:gap-3\"><div class=\"flex flex-grow flex-col gap-3 max-w-full\"><div class=\"min-h-[20px] flex flex-col items-start gap-3 whitespace-pre-wrap break-words overflow-x-auto\" data-message-author-role=\"assistant\" data-message-id=\"0f8ee871-e261-4fbd-b895-bb58f5e7b4d6\"><div class=\"markdown prose w-full break-words dark:prose-invert light\"><p>Ihr Anspruch auf kostenlose Pflegehilfsmittel besteht so lange, wie Sie pflegebed\u00fcrftig sind und zu Hause gepflegt werden. Nachdem wir den Antrag auf Kosten\u00fcbernahme bei Ihrer zust\u00e4ndigen Pflegekasse eingereicht haben, wird in der Regel eine Genehmigung erteilt, die oft \u00fcber mehrere Jahre oder sogar auf unbestimmte Zeit g\u00fcltig ist.<\/p><\/div><\/div><\/div><\/div><\/div><\/div><\/div><\/div><\/div><\/div><\/div><\/div><\/div><\/div><\/div><\/div>\t\t\t\t<\/div>\n\t\t\t\t<\/div>\n\t\t\t\t\t<\/div>\n\t\t<\/div>\n\t\t\t\t<div class=\"elementor-column elementor-col-33 elementor-top-column elementor-element elementor-element-e74fb44\" data-id=\"e74fb44\" data-element_type=\"column\">\n\t\t\t<div class=\"elementor-widget-wrap elementor-element-populated\">\n\t\t\t\t\t\t<div class=\"elementor-element elementor-element-5750772 elementor-widget elementor-widget-cz_image\" data-id=\"5750772\" data-element_type=\"widget\" data-widget_type=\"cz_image.default\">\n\t\t\t\t<div class=\"elementor-widget-container\">\n\t\t\t\t\t\r\n\t\t<div class=\"cz_image clr cz_image_no_fx\">\r\n\r\n\t\t\t<div>\r\n\r\n\t\t\t\t<div class=\"cz_image_in\">\r\n\r\n\t\t\t\t\t<div class=\"cz_main_image\"><img fetchpriority=\"high\" decoding=\"async\" width=\"400\" height=\"200\" src=\"data:image\/svg+xml,%3Csvg%20xmlns%3D&#39;http%3A%2F%2Fwww.w3.org%2F2000%2Fsvg&#39;%20width=&#39;400&#39;%20height=&#39;200&#39;%20viewBox%3D&#39;0%200%20400%20200&#39;%2F%3E\" data-czlz data-src=\"https:\/\/shop-dev.cosmea-pflege.de\/wp-content\/uploads\/2017\/11\/q1-1.jpg\" class=\"attachment-full size-full wp-image-708\" alt=\"\" data-srcset=\"https:\/\/shop-dev.cosmea-pflege.de\/wp-content\/uploads\/2017\/11\/q1-1.jpg 400w, https:\/\/shop-dev.cosmea-pflege.de\/wp-content\/uploads\/2017\/11\/q1-1-300x150.jpg 300w\" data-sizes=\"(max-width: 400px) 100vw, 400px\" \/><\/div>\r\n\r\n\t\t\t\t\t<div class=\"cz_hover_image\"><img fetchpriority=\"high\" decoding=\"async\" width=\"400\" height=\"200\" src=\"data:image\/svg+xml,%3Csvg%20xmlns%3D&#39;http%3A%2F%2Fwww.w3.org%2F2000%2Fsvg&#39;%20width=&#39;400&#39;%20height=&#39;200&#39;%20viewBox%3D&#39;0%200%20400%20200&#39;%2F%3E\" data-czlz data-src=\"https:\/\/shop-dev.cosmea-pflege.de\/wp-content\/uploads\/2017\/11\/q1-1.jpg\" class=\"attachment-full size-full wp-image-708\" alt=\"\" data-srcset=\"https:\/\/shop-dev.cosmea-pflege.de\/wp-content\/uploads\/2017\/11\/q1-1.jpg 400w, https:\/\/shop-dev.cosmea-pflege.de\/wp-content\/uploads\/2017\/11\/q1-1-300x150.jpg 300w\" data-sizes=\"(max-width: 400px) 100vw, 400px\" \/><\/div>\r\n\t\t\t\t<\/div>\r\n\r\n\t\t\t\t\r\n\t\t\t<\/div>\r\n\r\n\t\t<\/div>\r\n\r\n\t\t\t\t\t\t<\/div>\n\t\t\t\t<\/div>\n\t\t\t\t<div class=\"elementor-element elementor-element-71fbd5c elementor-widget elementor-widget-cz_title\" data-id=\"71fbd5c\" data-element_type=\"widget\" data-widget_type=\"cz_title.default\">\n\t\t\t\t<div class=\"elementor-widget-container\">\n\t\t\t\t\t\t\r\n\t\t<div>\r\n\t\t\t<div class=\"cz_title clr cz_mobile_text_center cz_title_pos_inline\"><div class=\"cz_title_content\"><div class=\"cz_wpe_content\"><p>Kontaktieren Sie uns<\/p><\/div><\/div><\/div>\r\n\t\t<\/div>\r\n\t\t\r\n\t\t\t\t\t\t<\/div>\n\t\t\t\t<\/div>\n\t\t\t\t<div class=\"elementor-element elementor-element-2e1b79b elementor-widget elementor-widget-cz_gap\" data-id=\"2e1b79b\" data-element_type=\"widget\" data-widget_type=\"cz_gap.default\">\n\t\t\t\t<div class=\"elementor-widget-container\">\n\t\t\t\t\t<div class=\"cz_gap clr\"><\/div>\t\t\t\t<\/div>\n\t\t\t\t<\/div>\n\t\t\t\t<div class=\"elementor-element elementor-element-fc4d68e elementor-widget elementor-widget-cz_gap\" data-id=\"fc4d68e\" data-element_type=\"widget\" data-widget_type=\"cz_gap.default\">\n\t\t\t\t<div class=\"elementor-widget-container\">\n\t\t\t\t\t<div class=\"cz_gap clr\"><\/div>\t\t\t\t<\/div>\n\t\t\t\t<\/div>\n\t\t\t\t<div class=\"elementor-element elementor-element-a3a7f9f elementor-widget elementor-widget-cz_title\" data-id=\"a3a7f9f\" data-element_type=\"widget\" data-widget_type=\"cz_title.default\">\n\t\t\t\t<div class=\"elementor-widget-container\">\n\t\t\t\t\t\t\r\n\t\t<div>\r\n\t\t\t<div class=\"cz_title clr cz_mobile_text_center cz_title_pos_inline\"><div class=\"cz_title_content\"><div class=\"cz_wpe_content\"><p><span style=\"color: #888888;\">Haben Sie weitere Fragen, dann kontaktieren Sie uns gerne.<\/span><\/p><\/div><\/div><\/div>\r\n\t\t<\/div>\r\n\t\t\r\n\t\t\t\t\t\t<\/div>\n\t\t\t\t<\/div>\n\t\t\t\t<div class=\"elementor-element elementor-element-52a9748 elementor-widget elementor-widget-cz_contact_form_7\" data-id=\"52a9748\" data-element_type=\"widget\" data-widget_type=\"cz_contact_form_7.default\">\n\t\t\t\t<div class=\"elementor-widget-container\">\n\t\t\t\t\t\t\t<div class=\"cz_cf7 clr\">\r\n\t\t\t<div>\n<div class=\"wpcf7 no-js\" id=\"wpcf7-f10-o1\" lang=\"de-DE\" dir=\"ltr\" data-wpcf7-id=\"10\">\n<div class=\"screen-reader-response\"><p role=\"status\" aria-live=\"polite\" aria-atomic=\"true\"><\/p> <ul><\/ul><\/div>\n<form action=\"\/index.php?rest_route=%2Fwp%2Fv2%2Fpages%2F19#wpcf7-f10-o1\" method=\"post\" class=\"wpcf7-form init\" aria-label=\"Kontaktformular\" novalidate=\"novalidate\" data-status=\"init\">\n<div style=\"display: none;\">\n<input type=\"hidden\" name=\"_wpcf7\" value=\"10\" \/>\n<input type=\"hidden\" name=\"_wpcf7_version\" value=\"6.0.2\" \/>\n<input type=\"hidden\" name=\"_wpcf7_locale\" value=\"de_DE\" \/>\n<input type=\"hidden\" name=\"_wpcf7_unit_tag\" value=\"wpcf7-f10-o1\" \/>\n<input type=\"hidden\" name=\"_wpcf7_container_post\" value=\"0\" \/>\n<input type=\"hidden\" name=\"_wpcf7_posted_data_hash\" value=\"\" \/>\n<\/div>\n<p><label> Ihr Name<br \/>\n<span class=\"wpcf7-form-control-wrap\" data-name=\"your-name\"><input size=\"40\" maxlength=\"400\" class=\"wpcf7-form-control wpcf7-text wpcf7-validates-as-required\" autocomplete=\"name\" aria-required=\"true\" aria-invalid=\"false\" value=\"\" type=\"text\" name=\"your-name\" \/><\/span> <\/label>\n<\/p>\n<p><label> Ihre E-Mail-Adresse<br \/>\n<span class=\"wpcf7-form-control-wrap\" data-name=\"your-email\"><input size=\"40\" maxlength=\"400\" class=\"wpcf7-form-control wpcf7-email wpcf7-validates-as-required wpcf7-text wpcf7-validates-as-email\" autocomplete=\"email\" aria-required=\"true\" aria-invalid=\"false\" value=\"\" type=\"email\" name=\"your-email\" \/><\/span> <\/label>\n<\/p>\n<p><label> Betreff<br \/>\n<span class=\"wpcf7-form-control-wrap\" data-name=\"your-subject\"><input size=\"40\" maxlength=\"400\" class=\"wpcf7-form-control wpcf7-text wpcf7-validates-as-required\" aria-required=\"true\" aria-invalid=\"false\" value=\"\" type=\"text\" name=\"your-subject\" \/><\/span> <\/label>\n<\/p>\n<p><label> Ihre Anfrage (optional)<br \/>\n<span class=\"wpcf7-form-control-wrap\" data-name=\"your-message\"><textarea cols=\"40\" rows=\"10\" maxlength=\"2000\" class=\"wpcf7-form-control wpcf7-textarea\" aria-invalid=\"false\" name=\"your-message\"><\/textarea><\/span> <\/label>\n<\/p>\n<p><input class=\"wpcf7-form-control wpcf7-submit has-spinner\" type=\"submit\" value=\"Senden\" \/>\n<\/p><div class=\"wpcf7-response-output\" aria-hidden=\"true\"><\/div>\n<\/form>\n<\/div>\n<\/div>\r\n\t\t<\/div>\r\n\t\t\t\t\t\t<\/div>\n\t\t\t\t<\/div>\n\t\t\t\t\t<\/div>\n\t\t<\/div>\n\t\t\t\t\t<\/div>\n\t\t<\/section>\n\t\t\t\t<section class=\"elementor-section elementor-top-section elementor-element elementor-element-858ba81 elementor-section-boxed elementor-section-height-default elementor-section-height-default\" data-id=\"858ba81\" data-element_type=\"section\">\n\t\t\t\t\t\t<div class=\"elementor-container elementor-column-gap-default\">\n\t\t\t\t\t<div class=\"elementor-column elementor-col-100 elementor-top-column elementor-element elementor-element-86e578d\" data-id=\"86e578d\" data-element_type=\"column\">\n\t\t\t<div class=\"elementor-widget-wrap elementor-element-populated\">\n\t\t\t\t\t\t<div class=\"elementor-element elementor-element-41b5228 elementor-widget elementor-widget-cz_gap\" data-id=\"41b5228\" data-element_type=\"widget\" data-widget_type=\"cz_gap.default\">\n\t\t\t\t<div class=\"elementor-widget-container\">\n\t\t\t\t\t<div class=\"cz_gap clr\"><\/div>\t\t\t\t<\/div>\n\t\t\t\t<\/div>\n\t\t\t\t\t<\/div>\n\t\t<\/div>\n\t\t\t\t\t<\/div>\n\t\t<\/section>\n\t\t\t\t<section class=\"elementor-section elementor-top-section elementor-element elementor-element-61911f0 elementor-section-boxed elementor-section-height-default elementor-section-height-default\" data-id=\"61911f0\" data-element_type=\"section\">\n\t\t\t\t\t\t<div class=\"elementor-container elementor-column-gap-default\">\n\t\t\t\t\t<div class=\"elementor-column elementor-col-100 elementor-top-column elementor-element elementor-element-51d819e\" data-id=\"51d819e\" data-element_type=\"column\">\n\t\t\t<div class=\"elementor-widget-wrap elementor-element-populated\">\n\t\t\t\t\t\t<section class=\"elementor-section elementor-inner-section elementor-element elementor-element-54880ec elementor-section-content-middle elementor-section-boxed elementor-section-height-default elementor-section-height-default\" data-id=\"54880ec\" data-element_type=\"section\">\n\t\t\t\t\t\t<div class=\"elementor-container elementor-column-gap-default\">\n\t\t\t\t\t<div class=\"elementor-column elementor-col-50 elementor-inner-column elementor-element elementor-element-6732f0c\" data-id=\"6732f0c\" data-element_type=\"column\">\n\t\t\t<div class=\"elementor-widget-wrap elementor-element-populated\">\n\t\t\t\t\t\t<div class=\"elementor-element elementor-element-453d3ee elementor-widget elementor-widget-cz_title\" data-id=\"453d3ee\" data-element_type=\"widget\" data-widget_type=\"cz_title.default\">\n\t\t\t\t<div class=\"elementor-widget-container\">\n\t\t\t\t\t\t\r\n\t\t<div>\r\n\t\t\t<div class=\"cz_title clr cz_mobile_text_center cz_title_has_icon cz_title_pos_inline\"><div class=\"cz_title_content\"><i class=\"cz_title_icon_before fa czico-092-phone-call-1\"><\/i><div class=\"cz_wpe_content\"><h3><span style=\"color: #ffffff;\">Kostenfreie Beratung<\/span><\/h3><\/div><\/div><\/div>\r\n\t\t<\/div>\r\n\t\t\r\n\t\t\t\t\t\t<\/div>\n\t\t\t\t<\/div>\n\t\t\t\t\t<\/div>\n\t\t<\/div>\n\t\t\t\t<div class=\"elementor-column elementor-col-50 elementor-inner-column elementor-element elementor-element-83b20b4\" data-id=\"83b20b4\" data-element_type=\"column\">\n\t\t\t<div class=\"elementor-widget-wrap elementor-element-populated\">\n\t\t\t\t\t\t<div class=\"elementor-element elementor-element-9c2da8b elementor-widget elementor-widget-cz_button\" data-id=\"9c2da8b\" data-element_type=\"widget\" data-widget_type=\"cz_button.default\">\n\t\t\t\t<div class=\"elementor-widget-container\">\n\t\t\t\t\t\t\t<div class=\"cz_btn_center\">\r\n\t\t\t<div>\r\n\t\t\t\t<a href=\"https:\/\/shop-dev.cosmea-pflege.de\/contact\/\" class=\"cz_btn cz_btn_subtitle cz_btn_txt_no_fx cz_btn_fill_right\">\r\n\r\n\t\t\t\t\t<span>\t\t\t\t\t\t<strong>\t\t\t\t\t\t\t<small> Tel: 0621 - 489 280<\/small>\t\t\t\t\t\t<\/strong>\r\n\t\t\t\t\t\t\t\t\t\t\t<\/span>\r\n\r\n\t\t\t\t\t<b class=\"cz_btn_onhover\">\r\n\t\t\t\t\t\t\t\t\t\t\t\t<strong>\r\n\t\t\t\t\t\t\t\t\t\t\t\t\t\t<small> Tel: 0621 - 489 280<\/small>\t\t\t\t\t\t<\/strong>\r\n\t\t\t\t\t\t\t\t\t\t\t<\/b>\r\n\r\n\t\t\t\t<\/a>\r\n\t\t\t<\/div>\r\n\t\t<\/div> \t\t\t\t\t\t<\/div>\n\t\t\t\t<\/div>\n\t\t\t\t\t<\/div>\n\t\t<\/div>\n\t\t\t\t\t<\/div>\n\t\t<\/section>\n\t\t\t\t\t<\/div>\n\t\t<\/div>\n\t\t\t\t\t<\/div>\n\t\t<\/section>\n\t\t\t\t<section class=\"elementor-section elementor-top-section elementor-element elementor-element-ab9c94e elementor-section-boxed elementor-section-height-default elementor-section-height-default\" data-id=\"ab9c94e\" data-element_type=\"section\">\n\t\t\t\t\t\t<div class=\"elementor-container elementor-column-gap-default\">\n\t\t\t\t\t<div class=\"elementor-column elementor-col-100 elementor-top-column elementor-element elementor-element-3823a9a\" data-id=\"3823a9a\" data-element_type=\"column\">\n\t\t\t<div class=\"elementor-widget-wrap elementor-element-populated\">\n\t\t\t\t\t\t<div class=\"elementor-element elementor-element-0f05bd3 elementor-widget elementor-widget-cz_gap\" data-id=\"0f05bd3\" data-element_type=\"widget\" data-widget_type=\"cz_gap.default\">\n\t\t\t\t<div class=\"elementor-widget-container\">\n\t\t\t\t\t<div class=\"cz_gap clr\"><\/div>\t\t\t\t<\/div>\n\t\t\t\t<\/div>\n\t\t\t\t\t<\/div>\n\t\t<\/div>\n\t\t\t\t\t<\/div>\n\t\t<\/section>\n\t\t\t\t<\/div>\n\t\t","protected":false},"excerpt":{"rendered":"<p>Fragen und Antworten Wie beantrage ich die Pflegehilfsmittel Es ist nicht &#8230; <\/p>\n","protected":false},"author":2,"featured_media":0,"parent":0,"menu_order":0,"comment_status":"closed","ping_status":"closed","template":"","meta":{"footnotes":""},"class_list":["post-19","page","type-page","status-publish","hentry"],"_links":{"self":[{"href":"https:\/\/shop-dev.cosmea-pflege.de\/index.php?rest_route=\/wp\/v2\/pages\/19","targetHints":{"allow":["GET"]}}],"collection":[{"href":"https:\/\/shop-dev.cosmea-pflege.de\/index.php?rest_route=\/wp\/v2\/pages"}],"about":[{"href":"https:\/\/shop-dev.cosmea-pflege.de\/index.php?rest_route=\/wp\/v2\/types\/page"}],"author":[{"embeddable":true,"href":"https:\/\/shop-dev.cosmea-pflege.de\/index.php?rest_route=\/wp\/v2\/users\/2"}],"replies":[{"embeddable":true,"href":"https:\/\/shop-dev.cosmea-pflege.de\/index.php?rest_route=%2Fwp%2Fv2%2Fcomments&post=19"}],"version-history":[{"count":39,"href":"https:\/\/shop-dev.cosmea-pflege.de\/index.php?rest_route=\/wp\/v2\/pages\/19\/revisions"}],"predecessor-version":[{"id":1311,"href":"https:\/\/shop-dev.cosmea-pflege.de\/index.php?rest_route=\/wp\/v2\/pages\/19\/revisions\/1311"}],"wp:attachment":[{"href":"https:\/\/shop-dev.cosmea-pflege.de\/index.php?rest_route=%2Fwp%2Fv2%2Fmedia&parent=19"}],"curies":[{"name":"wp","href":"https:\/\/api.w.org\/{rel}","templated":true}]}}